{"id":1119,"date":"2012-05-21T18:28:57","date_gmt":"2012-05-21T18:28:57","guid":{"rendered":"http:\/\/www.karchwatches.com\/es\/?page_id=1119"},"modified":"2012-07-20T17:36:30","modified_gmt":"2012-07-20T17:36:30","slug":"presentacion-ice-breaker-automatico","status":"publish","type":"page","link":"https:\/\/www.karchwatches.com\/es\/presentacion-ice-breaker-automatico\/","title":{"rendered":"Ice Breaker Autom\u00e1tico (Presentaci\u00f3n)"},"content":{"rendered":"<div style=\"float: left;\">\n<div style=\"float: left; width: 440px; padding-top:35px\"><img decoding=\"async\" src=\"http:\/\/www.karchwatches.com\/es\/wp-content\/uploads\/2012\/05\/presentaciones\/P-icebreakerA.jpg\" alt=\"\" width=\"440\" border=\"0\" \/>\n<\/div>\n<div style=\"float: left; width: 460px; padding-top: 35px;\">\n<div style=\"clear: both;\"><\/div>\n<p>&nbsp;<br \/>\n<a title=\"Ice Breaker Automatic\" href=\"http:\/\/www.karchwatches.com\/es\/versions-ice-breaker-automatic\/\"><span style=\"float:right; padding-top:50px; padding-bottom:80px\"><img decoding=\"async\" style=\"border: 0pt none;\" src=\"http:\/\/www.karchwatches.com\/es\/wp-content\/uploads\/2012\/05\/botones_coleccion\/ICE_BREAKER.jpg\" alt=\"\" border=\"0\" \/><\/span><\/a><\/p>\n<p><img decoding=\"async\" src=\"http:\/\/www.karchwatches.com\/es\/wp-content\/uploads\/2012\/05\/ICEBREAKERAutomatic.jpg\" width=\"250px\" border=\"0\"\/><\/p>\n<p style=\"font-size:13px; text-align:justify; text-justify:inter-word;\">\nComo su nombre sugiere, el Ice Breaker rompe el hielo con su dise\u00f1o cl\u00e1sico de 3 manecillas, su caja ergon\u00f3mica de acero inoxidable y sus l\u00edneas robustas y elegantes unidas discretamente con un bisel negro unidireccional y corona de acci\u00f3n f\u00e1cil a rosca. La quintaesencia del reloj deportivo moderno, es opcionalmente impulsado por un movimiento autom\u00e1tico, producto de manufactura maestra Suiza impermeable a 500 metros de profundidad.<br \/> <br \/>\nComplementado por una car\u00e1tula negra adornada de indicadores luminiscentes que aseguran una lectura f\u00e1cil, es una pieza ejemplar.\n<\/p>\n<\/div>\n<\/div>\n","protected":false},"excerpt":{"rendered":"<p>&nbsp; Como su nombre sugiere, el Ice Breaker rompe el hielo con su dise\u00f1o cl\u00e1sico de 3 manecillas, su caja ergon\u00f3mica de acero inoxidable y sus l\u00edneas robustas y elegantes unidas discretamente con un bisel negro unidireccional y corona de acci\u00f3n f\u00e1cil a rosca. La quintaesencia del reloj deportivo moderno, es opcionalmente impulsado por un [&hellip;]<\/p>\n","protected":false},"author":1,"featured_media":0,"parent":0,"menu_order":0,"comment_status":"open","ping_status":"open","template":"page-fullwidth2.php","meta":{"footnotes":""},"class_list":["post-1119","page","type-page","status-publish","hentry"],"_links":{"self":[{"href":"https:\/\/www.karchwatches.com\/es\/wp-json\/wp\/v2\/pages\/1119","targetHints":{"allow":["GET"]}}],"collection":[{"href":"https:\/\/www.karchwatches.com\/es\/wp-json\/wp\/v2\/pages"}],"about":[{"href":"https:\/\/www.karchwatches.com\/es\/wp-json\/wp\/v2\/types\/page"}],"author":[{"embeddable":true,"href":"https:\/\/www.karchwatches.com\/es\/wp-json\/wp\/v2\/users\/1"}],"replies":[{"embeddable":true,"href":"https:\/\/www.karchwatches.com\/es\/wp-json\/wp\/v2\/comments?post=1119"}],"version-history":[{"count":37,"href":"https:\/\/www.karchwatches.com\/es\/wp-json\/wp\/v2\/pages\/1119\/revisions"}],"predecessor-version":[{"id":1972,"href":"https:\/\/www.karchwatches.com\/es\/wp-json\/wp\/v2\/pages\/1119\/revisions\/1972"}],"wp:attachment":[{"href":"https:\/\/www.karchwatches.com\/es\/wp-json\/wp\/v2\/media?parent=1119"}],"curies":[{"name":"wp","href":"https:\/\/api.w.org\/{rel}","templated":true}]}}