{"id":1125,"date":"2012-05-21T18:39:55","date_gmt":"2012-05-21T18:39:55","guid":{"rendered":"http:\/\/www.karchwatches.com\/es\/?page_id=1125"},"modified":"2012-07-20T17:35:49","modified_gmt":"2012-07-20T17:35:49","slug":"lady-ice-breaker-automatic-presentation","status":"publish","type":"page","link":"https:\/\/www.karchwatches.com\/es\/lady-ice-breaker-automatic-presentation\/","title":{"rendered":"Lady Ice Breaker Automatic (Presentation)"},"content":{"rendered":"<div style=\"float: left;\">\n<div style=\"float: left; width: 440px; padding-top:35px\"><img decoding=\"async\" src=\"http:\/\/www.karchwatches.com\/es\/wp-content\/uploads\/2012\/05\/presentaciones\/P-ladyicebreakerA.jpg\" alt=\"\" width=\"440\" border=\"0\" \/><\/div>\n<div style=\"float: left; width: 460px; padding-top: 35px;\">\n<p><a title=\"Lady Ice Breaker Automatic\" href=\"http:\/\/www.karchwatches.com\/es\/versions-lady-ice-breaker-automatic\/\"><span style=\"float: right; padding-top:70px; padding-bottom:70px\"><img decoding=\"async\" style=\"border: 0pt none;\" src=\"http:\/\/www.karchwatches.com\/es\/wp-content\/uploads\/2012\/05\/botones_coleccion\/LADYICEBREAKER.jpg\" alt=\"\" border=\"0\" \/><\/span><\/a><\/p>\n<div style=\"clear: both;\"><\/div>\n<p><img decoding=\"async\" src=\"http:\/\/www.karchwatches.com\/es\/wp-content\/uploads\/2012\/05\/LADYICEBREAKERAutomatic.jpg\" width=\"300px\" border=\"0\"\/><\/p>\n<p style=\"font-size:13px; text-align:justify;\">\nC\u00f3mo su contraparte masculina, el Lady Ice Breaker Automatic rompe el hielo con su dise\u00f1o cl\u00e1sico de tres manecillas y sus l\u00edneas lisas y seductivas.  Combina un exterior exquisito y elegante con un movimiento autom\u00e1tico, t\u00e9cnico y confiable. <\/p>\n<p>Dise\u00f1ado para la mujer moderna, es ideal para cualquier ocasi\u00f3n desde un buceo en el Caribe a una velada formal. Su caja de acero inoxidable se une discretamente con un bisel negro de acci\u00f3n unidireccional. Con su car\u00e1tula radiante de madre de perla adornada de manecillas e \u00edndices contrastantes y un calendario magnificado a las 3 que aseguran una lectura \u00f3ptima, es una pieza ejemplar.\n<\/p>\n<\/div>\n<\/div>\n","protected":false},"excerpt":{"rendered":"<p>C\u00f3mo su contraparte masculina, el Lady Ice Breaker Automatic rompe el hielo con su dise\u00f1o cl\u00e1sico de tres manecillas y sus l\u00edneas lisas y seductivas. Combina un exterior exquisito y elegante con un movimiento autom\u00e1tico, t\u00e9cnico y confiable. Dise\u00f1ado para la mujer moderna, es ideal para cualquier ocasi\u00f3n desde un buceo en el Caribe a [&hellip;]<\/p>\n","protected":false},"author":1,"featured_media":0,"parent":0,"menu_order":0,"comment_status":"open","ping_status":"open","template":"page-fullwidth2.php","meta":{"footnotes":""},"class_list":["post-1125","page","type-page","status-publish","hentry"],"_links":{"self":[{"href":"https:\/\/www.karchwatches.com\/es\/wp-json\/wp\/v2\/pages\/1125","targetHints":{"allow":["GET"]}}],"collection":[{"href":"https:\/\/www.karchwatches.com\/es\/wp-json\/wp\/v2\/pages"}],"about":[{"href":"https:\/\/www.karchwatches.com\/es\/wp-json\/wp\/v2\/types\/page"}],"author":[{"embeddable":true,"href":"https:\/\/www.karchwatches.com\/es\/wp-json\/wp\/v2\/users\/1"}],"replies":[{"embeddable":true,"href":"https:\/\/www.karchwatches.com\/es\/wp-json\/wp\/v2\/comments?post=1125"}],"version-history":[{"count":16,"href":"https:\/\/www.karchwatches.com\/es\/wp-json\/wp\/v2\/pages\/1125\/revisions"}],"predecessor-version":[{"id":1127,"href":"https:\/\/www.karchwatches.com\/es\/wp-json\/wp\/v2\/pages\/1125\/revisions\/1127"}],"wp:attachment":[{"href":"https:\/\/www.karchwatches.com\/es\/wp-json\/wp\/v2\/media?parent=1125"}],"curies":[{"name":"wp","href":"https:\/\/api.w.org\/{rel}","templated":true}]}}