{"id":1129,"date":"2012-05-21T18:46:19","date_gmt":"2012-05-21T18:46:19","guid":{"rendered":"http:\/\/www.karchwatches.com\/es\/?page_id=1129"},"modified":"2012-07-02T22:54:02","modified_gmt":"2012-07-02T22:54:02","slug":"presentacion-offshore-automatico","status":"publish","type":"page","link":"https:\/\/www.karchwatches.com\/es\/presentacion-offshore-automatico\/","title":{"rendered":"Offshore Automatic (Presentation)"},"content":{"rendered":"<div style=\"float: left;\">\n<div style=\"float: left; width: 435px; padding-top:35px\"><img decoding=\"async\" src=\"http:\/\/www.karchwatches.com\/es\/wp-content\/uploads\/2012\/05\/presentaciones\/P-offshoreA.jpg\" alt=\"\" width=\"435\" border=\"0\" \/><\/div>\n<div style=\"float: left; width: 465px; padding-top: 35px;\">\n<p><a title=\"Ice Breaker Automatic\" href=\"http:\/\/www.karchwatches.com\/es\/versions-offshore-racer-automatic\/\"><span style=\"float: right; padding-top:90px; padding-bottom:70px\"><img decoding=\"async\" style=\"border: 0pt none;\" src=\"http:\/\/www.karchwatches.com\/es\/wp-content\/uploads\/2012\/05\/botones_coleccion\/OFFSHORERACER.jpg\" alt=\"\" border=\"0\" \/><\/span><\/a><\/p>\n<div style=\"clear: both;\"><\/div>\n<p><img decoding=\"async\" src=\"http:\/\/www.karchwatches.com\/es\/wp-content\/uploads\/2012\/05\/OFFSHORERACERAutomatic45.jpg\" width=\"380px\" border=\"0\"\/><\/p>\n<p style=\"font-size:13px; text-align:justify;\">\nInspirado por la fuerza y precisi\u00f3n de las lanchas de carrera, el Offshore Racer combina un dise\u00f1o elegante, robusto y deportivo en un cron\u00f3grafo de movimiento mec\u00e1nico, autom\u00e1tico. Destinado a pilotos profesionales, cumple con los est\u00e1ndares m\u00e1s altos de calidad. <br \/>\nLa manufactura Suiza maestra asegura una precisi\u00f3n excepcional esencial para medir tiempos de carrera. <br \/>\nSumergible a 50 ATM (500 metros) y equipado con manecillas luminiscentes sobre una esfera negra, es ideal para condiciones obscuras y buceos profundos.<br \/>\n<br \/>Logra la protecci\u00f3n m\u00e1xima con su caja lisa de acero inoxidable, corona a rosca de doble junta y sus pulsadores de seguridad para las funciones del cron\u00f3grafo. <\/p>\n<\/div>\n<\/div>\n","protected":false},"excerpt":{"rendered":"<p>Inspirado por la fuerza y precisi\u00f3n de las lanchas de carrera, el Offshore Racer combina un dise\u00f1o elegante, robusto y deportivo en un cron\u00f3grafo de movimiento mec\u00e1nico, autom\u00e1tico. Destinado a pilotos profesionales, cumple con los est\u00e1ndares m\u00e1s altos de calidad. La manufactura Suiza maestra asegura una precisi\u00f3n excepcional esencial para medir tiempos de carrera. Sumergible [&hellip;]<\/p>\n","protected":false},"author":1,"featured_media":0,"parent":0,"menu_order":0,"comment_status":"open","ping_status":"open","template":"page-fullwidth2.php","meta":{"footnotes":""},"class_list":["post-1129","page","type-page","status-publish","hentry"],"_links":{"self":[{"href":"https:\/\/www.karchwatches.com\/es\/wp-json\/wp\/v2\/pages\/1129","targetHints":{"allow":["GET"]}}],"collection":[{"href":"https:\/\/www.karchwatches.com\/es\/wp-json\/wp\/v2\/pages"}],"about":[{"href":"https:\/\/www.karchwatches.com\/es\/wp-json\/wp\/v2\/types\/page"}],"author":[{"embeddable":true,"href":"https:\/\/www.karchwatches.com\/es\/wp-json\/wp\/v2\/users\/1"}],"replies":[{"embeddable":true,"href":"https:\/\/www.karchwatches.com\/es\/wp-json\/wp\/v2\/comments?post=1129"}],"version-history":[{"count":19,"href":"https:\/\/www.karchwatches.com\/es\/wp-json\/wp\/v2\/pages\/1129\/revisions"}],"predecessor-version":[{"id":1872,"href":"https:\/\/www.karchwatches.com\/es\/wp-json\/wp\/v2\/pages\/1129\/revisions\/1872"}],"wp:attachment":[{"href":"https:\/\/www.karchwatches.com\/es\/wp-json\/wp\/v2\/media?parent=1129"}],"curies":[{"name":"wp","href":"https:\/\/api.w.org\/{rel}","templated":true}]}}