{"id":1141,"date":"2012-05-21T19:09:17","date_gmt":"2012-05-21T19:09:17","guid":{"rendered":"http:\/\/www.karchwatches.com\/es\/?page_id=1141"},"modified":"2012-08-17T21:30:27","modified_gmt":"2012-08-17T21:30:27","slug":"lady-ice-breaker-presentation-2","status":"publish","type":"page","link":"https:\/\/www.karchwatches.com\/es\/lady-ice-breaker-presentation-2\/","title":{"rendered":"Lady Ice Breaker Presentation"},"content":{"rendered":"<div style=\"float: left;\">\n<div style=\"float: left; width: 440px; padding-top:35px\";><img decoding=\"async\" style=\"padding-left:80px\" src=\"http:\/\/www.karchwatches.com\/es\/wp-content\/uploads\/2012\/05\/presentaciones\/P-ladyicebreakerQ.jpg\" alt=\"\" width=\"320\" border=\"0\" \/><\/div>\n<div style=\"float: left; width: 460px; padding-top: 35px;\">\n<p><a title=\"Lady Ice Breaker\" href=\"http:\/\/www.karchwatches.com\/es\/versions-lady-ice-breaker\/\"><span style=\"float: right; padding-top:80px; padding-bottom:70px\"><img decoding=\"async\" style=\"border: 0pt none;\" src=\"http:\/\/www.karchwatches.com\/es\/wp-content\/uploads\/2012\/05\/botones_coleccion\/LADYICEBREAKER.jpg\" alt=\"\" border=\"0\" \/><\/span><\/a><\/p>\n<div style=\"clear: both;\"><\/div>\n<p><img decoding=\"async\" src=\"http:\/\/www.karchwatches.com\/es\/wp-content\/uploads\/2012\/05\/LADYICEBREAKER.jpg\" width=\"200px\" border=\"0\"\/><\/p>\n<p style=\"font-size:13px; text-align:justify\">\nComo su contraparte masculina, el Lady Ice Breaker no se debe de tomar ligeramente. Dise\u00f1ado con la mujer moderna en mente, es verdaderamente un reloj elegante y vers\u00e1til, ideal para cualquier ocasi\u00f3n. <\/p>\n<p>Buceando en el Caribe o disfrutando de una velada formal, seguramente ser\u00e1 admirado con su car\u00e1tula radiante de madre perla, movimiento confiable y preciso regulado por cuarzo y su dise\u00f1o exquisito y seductivo.\n<\/p>\n<\/div>\n<\/div>\n","protected":false},"excerpt":{"rendered":"<p>Como su contraparte masculina, el Lady Ice Breaker no se debe de tomar ligeramente. Dise\u00f1ado con la mujer moderna en mente, es verdaderamente un reloj elegante y vers\u00e1til, ideal para cualquier ocasi\u00f3n. Buceando en el Caribe o disfrutando de una velada formal, seguramente ser\u00e1 admirado con su car\u00e1tula radiante de madre perla, movimiento confiable y [&hellip;]<\/p>\n","protected":false},"author":1,"featured_media":0,"parent":0,"menu_order":0,"comment_status":"open","ping_status":"open","template":"page-fullwidth2.php","meta":{"footnotes":""},"class_list":["post-1141","page","type-page","status-publish","hentry"],"_links":{"self":[{"href":"https:\/\/www.karchwatches.com\/es\/wp-json\/wp\/v2\/pages\/1141","targetHints":{"allow":["GET"]}}],"collection":[{"href":"https:\/\/www.karchwatches.com\/es\/wp-json\/wp\/v2\/pages"}],"about":[{"href":"https:\/\/www.karchwatches.com\/es\/wp-json\/wp\/v2\/types\/page"}],"author":[{"embeddable":true,"href":"https:\/\/www.karchwatches.com\/es\/wp-json\/wp\/v2\/users\/1"}],"replies":[{"embeddable":true,"href":"https:\/\/www.karchwatches.com\/es\/wp-json\/wp\/v2\/comments?post=1141"}],"version-history":[{"count":15,"href":"https:\/\/www.karchwatches.com\/es\/wp-json\/wp\/v2\/pages\/1141\/revisions"}],"predecessor-version":[{"id":1990,"href":"https:\/\/www.karchwatches.com\/es\/wp-json\/wp\/v2\/pages\/1141\/revisions\/1990"}],"wp:attachment":[{"href":"https:\/\/www.karchwatches.com\/es\/wp-json\/wp\/v2\/media?parent=1141"}],"curies":[{"name":"wp","href":"https:\/\/api.w.org\/{rel}","templated":true}]}}