{"id":1146,"date":"2012-05-21T19:19:16","date_gmt":"2012-05-21T19:19:16","guid":{"rendered":"http:\/\/www.karchwatches.com\/es\/?page_id=1146"},"modified":"2012-07-02T22:56:41","modified_gmt":"2012-07-02T22:56:41","slug":"presentacion-offshore","status":"publish","type":"page","link":"https:\/\/www.karchwatches.com\/es\/presentacion-offshore\/","title":{"rendered":"Offshore Presentation"},"content":{"rendered":"<div style=\"float: left;\">\n<div style=\"float: left; width: 410px; padding-top:35px\";><img decoding=\"async\" style=\"padding-left:60px\" src=\"http:\/\/www.karchwatches.com\/es\/wp-content\/uploads\/2012\/05\/presentaciones\/P-offshoreQ.jpg\" alt=\"\" width=\"320\" border=\"0\" \/><\/div>\n<div style=\"float: left; width: 490px; padding-top: 35px\">\n<p><a title=\"Offshore Racer\" href=\"http:\/\/www.karchwatches.com\/es\/versions-offshore-racer\/\"><span style=\"float: right; padding-top:90px; padding-bottom:70px\"><img decoding=\"async\" style=\"border: 0pt none;\" src=\"http:\/\/www.karchwatches.com\/es\/wp-content\/uploads\/2012\/05\/botones_coleccion\/OFFSHORERACER.jpg\" alt=\"\" border=\"0\" \/><\/span><\/a><\/p>\n<div style=\"clear: both;\"><\/div>\n<p><img decoding=\"async\" src=\"http:\/\/www.karchwatches.com\/es\/wp-content\/uploads\/2012\/05\/OFFSHORERACER43.jpg\" width=\"300px\" border=\"0\"\/><\/p>\n<p style=\"font-size:13px; text-align:justify\">\nInspirado por la fuerza y precisi\u00f3n de las lanchas de carrera, el Offshore Racer combina un dise\u00f1o robusto, elegante y deportivo con un movimiento cron\u00f3grafo Suizo de alto rendimiento regulado por cuarzo.<br \/>\n<br \/>Su esfera negra despliega contadores de segundos, minutos y horas y un calendario magnificado configurados para una lectura \u00f3ptima.<br \/>\n<br \/>Siendo impermeable a 200 metros, equipado con manecillas e \u00edndices luminiscentes y contando con una precisi\u00f3n excepcional, es el reloj ideal para medir tiempos de carrera bajo las condiciones m\u00e1s demandantes.\n<\/p>\n<\/div>\n<\/div>\n","protected":false},"excerpt":{"rendered":"<p>Inspirado por la fuerza y precisi\u00f3n de las lanchas de carrera, el Offshore Racer combina un dise\u00f1o robusto, elegante y deportivo con un movimiento cron\u00f3grafo Suizo de alto rendimiento regulado por cuarzo. Su esfera negra despliega contadores de segundos, minutos y horas y un calendario magnificado configurados para una lectura \u00f3ptima. Siendo impermeable a 200 [&hellip;]<\/p>\n","protected":false},"author":1,"featured_media":0,"parent":0,"menu_order":0,"comment_status":"open","ping_status":"open","template":"page-fullwidth2.php","meta":{"footnotes":""},"class_list":["post-1146","page","type-page","status-publish","hentry"],"_links":{"self":[{"href":"https:\/\/www.karchwatches.com\/es\/wp-json\/wp\/v2\/pages\/1146","targetHints":{"allow":["GET"]}}],"collection":[{"href":"https:\/\/www.karchwatches.com\/es\/wp-json\/wp\/v2\/pages"}],"about":[{"href":"https:\/\/www.karchwatches.com\/es\/wp-json\/wp\/v2\/types\/page"}],"author":[{"embeddable":true,"href":"https:\/\/www.karchwatches.com\/es\/wp-json\/wp\/v2\/users\/1"}],"replies":[{"embeddable":true,"href":"https:\/\/www.karchwatches.com\/es\/wp-json\/wp\/v2\/comments?post=1146"}],"version-history":[{"count":18,"href":"https:\/\/www.karchwatches.com\/es\/wp-json\/wp\/v2\/pages\/1146\/revisions"}],"predecessor-version":[{"id":1876,"href":"https:\/\/www.karchwatches.com\/es\/wp-json\/wp\/v2\/pages\/1146\/revisions\/1876"}],"wp:attachment":[{"href":"https:\/\/www.karchwatches.com\/es\/wp-json\/wp\/v2\/media?parent=1146"}],"curies":[{"name":"wp","href":"https:\/\/api.w.org\/{rel}","templated":true}]}}