{"id":499,"date":"2012-04-16T17:05:53","date_gmt":"2012-04-16T17:05:53","guid":{"rendered":"http:\/\/localhost\/mobkii\/clientes\/karch\/?page_id=499"},"modified":"2012-06-18T17:40:13","modified_gmt":"2012-06-18T17:40:13","slug":"versions-offshore-racer-automatic","status":"publish","type":"page","link":"https:\/\/www.karchwatches.com\/es\/versions-offshore-racer-automatic\/","title":{"rendered":"Slider MEN Offshore Racer"},"content":{"rendered":"<div style=\"margin-left: 70px; padding-top:25px\">\n<img decoding=\"async\" src=\"http:\/\/www.karchwatches.com\/es\/wp-content\/uploads\/2012\/05\/OFFSHORERACERAutomatic45.jpg\" width=\"550\" border=\"0\"\/><\/p>\n<div id=\"touchcarousel-6\" class=\"touchcarousel grey-blue tc-layout-4\" style=\"width:780px;  height:480px; \">\n<ul class=\"touchcarousel-container\">\n<li class=\"touchcarousel-item\">\n<a class=\"tc-state\" href=\"https:\/\/www.karchwatches.com\/es\/offshore-racer-steel-diving-bracelet-automatic\/\" ><br \/>\n\t<img loading=\"lazy\" decoding=\"async\" src=\"https:\/\/www.karchwatches.com\/es\/wp-content\/uploads\/2012\/04\/OS004-225x340.jpg\" width=\"225\" height=\"340\" \/><\/p>\n<div class=\"tc-block\">\n<br \/>\nCron\u00f3grafo Autom\u00e1tico, 45 mm. Steel Diving Bracelet, cierre de seguridad de doble despliegue\n\t<\/div>\n<p><\/a>\t\t<\/li>\n<li class=\"touchcarousel-item\">\n<a class=\"tc-state\" href=\"https:\/\/www.karchwatches.com\/es\/offshore-racer-sea-rally-strap-automatic\/\" ><br \/>\n\t<img loading=\"lazy\" decoding=\"async\" src=\"https:\/\/www.karchwatches.com\/es\/wp-content\/uploads\/2012\/04\/OS002-225x340.jpg\" width=\"225\" height=\"340\" \/><\/p>\n<div class=\"tc-block\">\n<br \/>\nCron\u00f3grafo Autom\u00e1tico, 45 mm. Sea Rally Strap, hebilla de confort\n\t<\/div>\n<p><\/a>\t\t<\/li>\n<li class=\"touchcarousel-item\">\n<a class=\"tc-state\" href=\"https:\/\/www.karchwatches.com\/es\/offshore-racer-leather-racing-strap\/\" ><br \/>\n\t<img loading=\"lazy\" decoding=\"async\" src=\"https:\/\/www.karchwatches.com\/es\/wp-content\/uploads\/2012\/04\/OS010-225x340.jpg\" width=\"225\" height=\"340\" \/><\/p>\n<div class=\"tc-block\">\n<br \/>\nCron\u00f3grafo Autom\u00e1tico, 45 mm. Leather Racing Strap, cierre deployante\n\t<\/div>\n<p><\/a>\t\t<\/li>\n<li class=\"touchcarousel-item\">\n<a class=\"tc-state\" href=\"https:\/\/www.karchwatches.com\/es\/offshore-racer-regatta-strap\/\" ><br \/>\n\t<img loading=\"lazy\" decoding=\"async\" src=\"https:\/\/www.karchwatches.com\/es\/wp-content\/uploads\/2012\/04\/OS009-225x340.jpg\" width=\"225\" height=\"340\" \/><\/p>\n<div class=\"tc-block\">\n<br \/>\nCron\u00f3grafo Autom\u00e1tico, 45 mm. Regatta Strap, hebilla de confort\n\t<\/div>\n<p><\/a>\t\t<\/li>\n<li class=\"touchcarousel-item\">\n<a class=\"tc-state\" href=\"https:\/\/www.karchwatches.com\/es\/offshore-racer-oceanic-strap-automatic\/\" ><br \/>\n\t<img loading=\"lazy\" decoding=\"async\" src=\"https:\/\/www.karchwatches.com\/es\/wp-content\/uploads\/2012\/04\/OS006-225x340.jpg\" width=\"225\" height=\"340\" \/><\/p>\n<div class=\"tc-block\">\n<br \/>\nCron\u00f3grafo Autom\u00e1tico, 45 mm. Oceanic Strap, hebilla de confort\n\t<\/div>\n<p><\/a>\t\t<\/li>\n<li class=\"touchcarousel-item\">\n<a class=\"tc-state\" href=\"https:\/\/www.karchwatches.com\/es\/offshore-racer-ballistic-strap-automatic\/\" ><br \/>\n\t<img loading=\"lazy\" decoding=\"async\" src=\"https:\/\/www.karchwatches.com\/es\/wp-content\/uploads\/2012\/04\/OS008-225x340.jpg\" width=\"225\" height=\"340\" \/><\/p>\n<div class=\"tc-block\">\n<br \/>\nCron\u00f3grafo Autom\u00e1tico, 45 mm. Ballistic Strap, hebilla est\u00e1ndar\n\t<\/div>\n<p><\/a>\t\t<\/li>\n<li class=\"touchcarousel-item\">\n<a class=\"tc-state\" href=\"https:\/\/www.karchwatches.com\/es\/offshore-racer-sub-zero-strap-automatic\/\" ><br \/>\n\t<img loading=\"lazy\" decoding=\"async\" src=\"https:\/\/www.karchwatches.com\/es\/wp-content\/uploads\/2012\/04\/OS007-225x340.jpg\" width=\"225\" height=\"340\" \/><\/p>\n<div class=\"tc-block\">\n<br \/>\nAutomatic, chronograph, 45 mm. Sub-Zero Strap, tang-type buckle\n\t<\/div>\n<p><\/a>\t\t<\/li>\n<\/ul>\n<\/div>\n<p><script type=\"text\/javascript\">\njQuery(document).ready(function($) {$(\"#touchcarousel-6\").touchCarousel({\"snapToItems\":true,\"pagingNavControls\":true,\"itemsPerMove\":1,\"loopItems\":false,\"directionNav\":true,\"directionNavAutoHide\":false,\"autoplay\":false,\"autoplayDelay\":3000,\"autoplayStopAtAction\":true,\"keyboardNav\":true,\"dragUsingMouse\":true,\"transitionSpeed\":400,\"itemFallbackWidth\":300,\"scrollbar\":true,\"scrollbarAutoHide\":false,\"scrollbarTheme\":\"light\"});});\n<\/script>\n<\/div>\n","protected":false},"excerpt":{"rendered":"","protected":false},"author":1,"featured_media":0,"parent":0,"menu_order":0,"comment_status":"open","ping_status":"open","template":"page-fullwidth2.php","meta":{"footnotes":""},"class_list":["post-499","page","type-page","status-publish","hentry"],"_links":{"self":[{"href":"https:\/\/www.karchwatches.com\/es\/wp-json\/wp\/v2\/pages\/499","targetHints":{"allow":["GET"]}}],"collection":[{"href":"https:\/\/www.karchwatches.com\/es\/wp-json\/wp\/v2\/pages"}],"about":[{"href":"https:\/\/www.karchwatches.com\/es\/wp-json\/wp\/v2\/types\/page"}],"author":[{"embeddable":true,"href":"https:\/\/www.karchwatches.com\/es\/wp-json\/wp\/v2\/users\/1"}],"replies":[{"embeddable":true,"href":"https:\/\/www.karchwatches.com\/es\/wp-json\/wp\/v2\/comments?post=499"}],"version-history":[{"count":14,"href":"https:\/\/www.karchwatches.com\/es\/wp-json\/wp\/v2\/pages\/499\/revisions"}],"predecessor-version":[{"id":1505,"href":"https:\/\/www.karchwatches.com\/es\/wp-json\/wp\/v2\/pages\/499\/revisions\/1505"}],"wp:attachment":[{"href":"https:\/\/www.karchwatches.com\/es\/wp-json\/wp\/v2\/media?parent=499"}],"curies":[{"name":"wp","href":"https:\/\/api.w.org\/{rel}","templated":true}]}}