{"id":689,"date":"2012-05-01T16:19:52","date_gmt":"2012-05-01T16:19:52","guid":{"rendered":"http:\/\/localhost\/mobkii\/clientes\/karch\/?page_id=689"},"modified":"2012-07-02T22:46:57","modified_gmt":"2012-07-02T22:46:57","slug":"presentacion-ice-breaker","status":"publish","type":"page","link":"https:\/\/www.karchwatches.com\/es\/presentacion-ice-breaker\/","title":{"rendered":"Ice Breaker presentation"},"content":{"rendered":"<div style=\"float: left;\">\n<div style=\"float: left; width: 400px; padding-top:35px\";><img decoding=\"async\" style=\"padding-left:40px\" src=\"http:\/\/www.karchwatches.com\/es\/wp-content\/uploads\/2012\/05\/presentaciones\/P-icebreakerQ.jpg\" alt=\"\" width=\"320\" border=\"0\" \/><\/div>\n<div style=\"float: left; width: 500px; padding-top: 35px;\">\n<p><a title=\"Ice Breaker Automatic\" href=\"http:\/\/www.karchwatches.com\/es\/version-icebreaker\/\"><span style=\"float: right; padding-top:90px; padding-bottom:70px\"><img decoding=\"async\" style=\"border: 0pt none;\" src=\"http:\/\/www.karchwatches.com\/es\/wp-content\/uploads\/2012\/05\/botones_coleccion\/ICE_BREAKER.jpg\" alt=\"\" border=\"0\" \/><\/span><\/a><\/p>\n<div style=\"clear: both;\"><\/div>\n<p><img decoding=\"async\" src=\"http:\/\/www.karchwatches.com\/es\/wp-content\/uploads\/2012\/05\/ICEBREAKER.jpg\" width=\"180px\" border=\"0\"\/><\/p>\n<p style=\"font-size:13px; text-align:justify;\">\nUna pieza ejemplar, representa la c\u00faspide en el reloj deportivo de lujo. Rompiendo el hielo con su dise\u00f1o cl\u00e1sico de 3 manecillas, incorpora los materiales m\u00e1s fuertes para formar la combinaci\u00f3n perfecta de poder, funcionalidad y belleza. Un reloj t\u00e9cnico verdaderamente vers\u00e1til, viene equipado con un movimiento potente y preciso regulado por cuarzo. <br \/> <br \/>\nComplementado por una car\u00e1tula negra adornada de indicadores luminiscentes que aseguran una lectura f\u00e1cil, seguramente har\u00e1 una impresi\u00f3n formidable en cualquier ocasi\u00f3n.\n<\/p>\n<\/div>\n<\/div>\n","protected":false},"excerpt":{"rendered":"<p>Una pieza ejemplar, representa la c\u00faspide en el reloj deportivo de lujo. Rompiendo el hielo con su dise\u00f1o cl\u00e1sico de 3 manecillas, incorpora los materiales m\u00e1s fuertes para formar la combinaci\u00f3n perfecta de poder, funcionalidad y belleza. Un reloj t\u00e9cnico verdaderamente vers\u00e1til, viene equipado con un movimiento potente y preciso regulado por cuarzo. Complementado por [&hellip;]<\/p>\n","protected":false},"author":1,"featured_media":0,"parent":0,"menu_order":0,"comment_status":"open","ping_status":"open","template":"page-fullwidth2.php","meta":{"footnotes":""},"class_list":["post-689","page","type-page","status-publish","hentry"],"_links":{"self":[{"href":"https:\/\/www.karchwatches.com\/es\/wp-json\/wp\/v2\/pages\/689","targetHints":{"allow":["GET"]}}],"collection":[{"href":"https:\/\/www.karchwatches.com\/es\/wp-json\/wp\/v2\/pages"}],"about":[{"href":"https:\/\/www.karchwatches.com\/es\/wp-json\/wp\/v2\/types\/page"}],"author":[{"embeddable":true,"href":"https:\/\/www.karchwatches.com\/es\/wp-json\/wp\/v2\/users\/1"}],"replies":[{"embeddable":true,"href":"https:\/\/www.karchwatches.com\/es\/wp-json\/wp\/v2\/comments?post=689"}],"version-history":[{"count":51,"href":"https:\/\/www.karchwatches.com\/es\/wp-json\/wp\/v2\/pages\/689\/revisions"}],"predecessor-version":[{"id":1868,"href":"https:\/\/www.karchwatches.com\/es\/wp-json\/wp\/v2\/pages\/689\/revisions\/1868"}],"wp:attachment":[{"href":"https:\/\/www.karchwatches.com\/es\/wp-json\/wp\/v2\/media?parent=689"}],"curies":[{"name":"wp","href":"https:\/\/api.w.org\/{rel}","templated":true}]}}