{"id":807,"date":"2012-05-08T22:30:12","date_gmt":"2012-05-08T22:30:12","guid":{"rendered":"http:\/\/www.karchwatches.com\/es\/?page_id=807"},"modified":"2012-07-20T17:32:45","modified_gmt":"2012-07-20T17:32:45","slug":"presentacion-subk1","status":"publish","type":"page","link":"https:\/\/www.karchwatches.com\/es\/presentacion-subk1\/","title":{"rendered":"SUB K1 Automatic (presentation)"},"content":{"rendered":"<div style=\"float: left;\">\n<div style=\"float: left; width: 435px;\"><img decoding=\"async\" src=\"http:\/\/www.karchwatches.com\/es\/wp-content\/uploads\/2012\/05\/presentaciones\/subk1Automatic.jpg\" alt=\"\" width=\"450\" border=\"0\" \/><\/div>\n<div style=\"float: left; width: 465px; padding-top: 35px;\">\n<p><a title=\"Slider Mens Ice Breaker\" href=\"http:\/\/www.karchwatches.com\/es\/versions-sub-k1\"><span style=\"float: right; padding-top:90px; padding-bottom:70px\"><img decoding=\"async\" style=\"border: 0pt none;\" src=\"http:\/\/www.karchwatches.com\/es\/wp-content\/uploads\/2012\/05\/botones_coleccion\/SUB-K1.jpg\" alt=\"\" border=\"0\" \/><\/span><\/a><\/p>\n<div style=\"clear: both;\"><\/div>\n<p><img decoding=\"async\" src=\"http:\/\/www.karchwatches.com\/es\/wp-content\/uploads\/2012\/05\/SUB-K1.jpg\" width=\"150px\" border=\"0\"\/><\/p>\n<p style=\"font-size:13px; text-align:justify\">\nHecho para resistir a cualquier elemento, el SUB K-1 le hace honor a su nombre con una impermeabilidad impresionante, sumergible a 3,000 metros (9,900 ft).<br \/>\n<br \/>Equipado con un bisel de seguridad unidireccional adornado con indicadores naranjas dise\u00f1ado para medir el tiempo de fondo, agujas e \u00edndices luminiscentes sobre una car\u00e1tula negra que optimizan la legibilidad y una v\u00e1lvula de escape de helio cual ecualiza las presiones dentro y fuera de su caja reforzada, es el reloj ideal para inmersiones profundas, buceos nocturnos y exploraci\u00f3n de cavernas.<br \/>\n<br \/>Impulsado por un mecanismo autom\u00e1tico de m\u00e1xima precisi\u00f3n y respaldado por una garant\u00eda inigualada de 10 a\u00f1os, el SUB-K1 es verdaderamente el reloj preferido entre buzos profesionales.\n<\/p>\n<\/div>\n<\/div>\n","protected":false},"excerpt":{"rendered":"<p>Hecho para resistir a cualquier elemento, el SUB K-1 le hace honor a su nombre con una impermeabilidad impresionante, sumergible a 3,000 metros (9,900 ft). Equipado con un bisel de seguridad unidireccional adornado con indicadores naranjas dise\u00f1ado para medir el tiempo de fondo, agujas e \u00edndices luminiscentes sobre una car\u00e1tula negra que optimizan la legibilidad [&hellip;]<\/p>\n","protected":false},"author":1,"featured_media":0,"parent":0,"menu_order":0,"comment_status":"open","ping_status":"open","template":"page-fullwidth2.php","meta":{"footnotes":""},"class_list":["post-807","page","type-page","status-publish","hentry"],"_links":{"self":[{"href":"https:\/\/www.karchwatches.com\/es\/wp-json\/wp\/v2\/pages\/807","targetHints":{"allow":["GET"]}}],"collection":[{"href":"https:\/\/www.karchwatches.com\/es\/wp-json\/wp\/v2\/pages"}],"about":[{"href":"https:\/\/www.karchwatches.com\/es\/wp-json\/wp\/v2\/types\/page"}],"author":[{"embeddable":true,"href":"https:\/\/www.karchwatches.com\/es\/wp-json\/wp\/v2\/users\/1"}],"replies":[{"embeddable":true,"href":"https:\/\/www.karchwatches.com\/es\/wp-json\/wp\/v2\/comments?post=807"}],"version-history":[{"count":46,"href":"https:\/\/www.karchwatches.com\/es\/wp-json\/wp\/v2\/pages\/807\/revisions"}],"predecessor-version":[{"id":1970,"href":"https:\/\/www.karchwatches.com\/es\/wp-json\/wp\/v2\/pages\/807\/revisions\/1970"}],"wp:attachment":[{"href":"https:\/\/www.karchwatches.com\/es\/wp-json\/wp\/v2\/media?parent=807"}],"curies":[{"name":"wp","href":"https:\/\/api.w.org\/{rel}","templated":true}]}}