{"id":882,"date":"2012-05-15T05:50:06","date_gmt":"2012-05-15T05:50:06","guid":{"rendered":"http:\/\/www.karchwatches.com\/es\/?page_id=882"},"modified":"2012-07-20T17:24:39","modified_gmt":"2012-07-20T17:24:39","slug":"centros-de-servicio","status":"publish","type":"page","link":"https:\/\/www.karchwatches.com\/es\/centros-de-servicio\/","title":{"rendered":"CENTROS DE SERVICIO"},"content":{"rendered":"<div style=\"padding-left:30px; padding-right:30px; padding-top:30px\">\n<h1 style=\"font-size:17px;\">CENTROS DE SERVICIO<\/h1>\n<p style=\"font-size:13px\">\nEn nuestros centros de servicio autorizados, contamos con especialistas certificados y equipados con las herramientas y el equipo m\u00e1s reciente cuales les permiten realizar operaciones de mantenimiento, al igual que cualquier reparaci\u00f3n necesaria. Se recomienda darle servicio a su pieza KARCH de cada 3-5 a\u00f1os para asegurar su desempe\u00f1o \u00f3ptimo. <\/p>\n<p>A su pieza s\u00f3lo se le debe dar servicio exclusivamente en un centro de servicio KARCH autorizado. En el evento de que a su reloj se le haga cualquier servicio por alg\u00fan t\u00e9cnico no autorizado en un lugar distinto a los que aparecen en esta p\u00e1gina, la garant\u00eda no ser\u00e1 respetada.\n<\/p>\n<\/div>\n<div style=\"font-size: 14px; padding-left: 30px; padding-top:30px; float:left; width:410px\">\n<br \/>\n<span style=\"font-weight:bold; text-decoration:underline\">MEXICO<\/span><br \/>\n<span style=\"font-weight:bold;\">KARCH<\/span><br \/>\nCalz. del Valle 409 ote.<br \/>\nCol. del Valle<br \/>\nGarza Garc\u00eda, N.L. 66270<br \/>\nTel. +52 81 8335 9127, +52 81 8356 6664<\/p>\n<\/div>\n<div style=\"float:left; width:450px; padding-top:30px;\">\n<iframe loading=\"lazy\" width=\"400\" height=\"290\" frameborder=\"0\" scrolling=\"no\" marginheight=\"0\" marginwidth=\"0\" src=\"https:\/\/maps.google.com\/maps?f=q&amp;source=s_q&amp;hl=en&amp;geocode=&amp;q=Karcz+Joyeros,+S.A.+De+C.V.,+Del+Valle+409,+San+Pedro+Garza+Garc%C3%ADa,+Nuevo+Le%C3%B3n,+Mexico&amp;aq=0&amp;oq=karch+&amp;sll=37.0625,-95.677068&amp;sspn=40.545434,79.013672&amp;t=m&amp;ie=UTF8&amp;hq=karcz+joyeros+sa+de+cv&amp;hnear=Del+Valle+409,+Del+Valle,+Monterrey,+Nuevo+Le%C3%B3n,+Mexico&amp;cid=876939586763060640&amp;ll=25.665511,-100.354271&amp;spn=0.02553,0.038538&amp;z=14&amp;iwloc=A&amp;output=embed\"><\/iframe>\n<\/div>\n","protected":false},"excerpt":{"rendered":"<p>CENTROS DE SERVICIO En nuestros centros de servicio autorizados, contamos con especialistas certificados y equipados con las herramientas y el equipo m\u00e1s reciente cuales les permiten realizar operaciones de mantenimiento, al igual que cualquier reparaci\u00f3n necesaria. Se recomienda darle servicio a su pieza KARCH de cada 3-5 a\u00f1os para asegurar su desempe\u00f1o \u00f3ptimo. A su [&hellip;]<\/p>\n","protected":false},"author":1,"featured_media":0,"parent":0,"menu_order":0,"comment_status":"open","ping_status":"open","template":"page-fullwidth2.php","meta":{"footnotes":""},"class_list":["post-882","page","type-page","status-publish","hentry"],"_links":{"self":[{"href":"https:\/\/www.karchwatches.com\/es\/wp-json\/wp\/v2\/pages\/882","targetHints":{"allow":["GET"]}}],"collection":[{"href":"https:\/\/www.karchwatches.com\/es\/wp-json\/wp\/v2\/pages"}],"about":[{"href":"https:\/\/www.karchwatches.com\/es\/wp-json\/wp\/v2\/types\/page"}],"author":[{"embeddable":true,"href":"https:\/\/www.karchwatches.com\/es\/wp-json\/wp\/v2\/users\/1"}],"replies":[{"embeddable":true,"href":"https:\/\/www.karchwatches.com\/es\/wp-json\/wp\/v2\/comments?post=882"}],"version-history":[{"count":45,"href":"https:\/\/www.karchwatches.com\/es\/wp-json\/wp\/v2\/pages\/882\/revisions"}],"predecessor-version":[{"id":1963,"href":"https:\/\/www.karchwatches.com\/es\/wp-json\/wp\/v2\/pages\/882\/revisions\/1963"}],"wp:attachment":[{"href":"https:\/\/www.karchwatches.com\/es\/wp-json\/wp\/v2\/media?parent=882"}],"curies":[{"name":"wp","href":"https:\/\/api.w.org\/{rel}","templated":true}]}}